{"id":919,"date":"2023-10-11T12:53:46","date_gmt":"2023-10-11T15:53:46","guid":{"rendered":"https:\/\/cmch-bue.infd.edu.ar\/sitio\/?page_id=919"},"modified":"2023-11-29T11:42:47","modified_gmt":"2023-11-29T14:42:47","slug":"tecnicatura-en-capacitacion-vocal","status":"publish","type":"page","link":"https:\/\/cmch-bue.infd.edu.ar\/sitio\/tecnicatura-en-capacitacion-vocal\/","title":{"rendered":"Tecnicatura en Capacitaci\u00f3n vocal"},"content":{"rendered":"\n<p class=\"has-medium-font-size\"><strong>DURACION<\/strong> : 2 A\u00d1OS &#8211; 4 A\u00d1OS<\/p>\n\n\n\n<p><strong>REQUISITOS DE INGRESO<\/strong><br>Tercer a\u00f1o aprobado de Educaci\u00f3n Secundaria (Secundaria b\u00e1sica completa)<br>Segundo nivel o segundo a\u00f1o del Ciclo Medio de la Formaci\u00f3n B\u00e1scia en M\u00fasica COMPLETO<br>(Ver r\u00e9gimen de correlatividades del espacio de la orientaci\u00f3n del Profesorado en Canto).<\/p>\n\n\n\n<p><strong>T\u00cdTULO<\/strong><br><strong><em>Cantante<br>Cantante Superior<\/em><\/strong><\/p>\n\n\n\n<p class=\"has-text-align-center has-medium-font-size\"><strong>DISE\u00d1O CURRICULAR<\/strong><\/p>\n\n\n\n<p><strong>PRIMER A\u00d1O<\/strong><\/p>\n\n\n\n<figure class=\"wp-block-table\"><table class=\"has-fixed-layout\"><tbody><tr><td><strong>\u00c1rea de Producci\u00f3n<\/strong><\/td><td><strong>N\u00ba<\/strong><\/td><td><strong>Asignaturas<\/strong><\/td><td><strong>Horas<\/strong><\/td><\/tr><tr><td><\/td><td>1<\/td><td>Canto (Ciclo Superior 1) I<\/td><td>32<\/td><\/tr><tr><td><\/td><td>2<\/td><td>Instrumento arm\u00f3nico (Ciclo Superior 1)<\/td><td>32<\/td><\/tr><tr><td><\/td><td>3<\/td><td>Conjunto de C\u00e1mara I<\/td><td>32<\/td><\/tr><tr><td><\/td><td>4<\/td><td>Repertorio I (Ciclo Superior 1)<\/td><td>64<\/td><\/tr><tr><td><\/td><td>5<\/td><td>Pr\u00e1ctica Esc\u00e9nica I<\/td><td>64<\/td><\/tr><tr><td><strong>\u00c1rea del Lenguaje Musical<\/strong><\/td><td>6<\/td><td>Elementos T\u00e9cnicos de la M\u00fasica I<\/td><td>128<\/td><\/tr><tr><td><strong>\u00c1rea de Recepci\u00f3n y Vinculaciones contextuales<\/strong><\/td><td>7<\/td><td>Historia de la M\u00fasica I<\/td><td>64<\/td><\/tr><tr><td><strong>Espacio Institucional <\/strong><\/td><td>8<\/td><td>Taller de R\u00edtmica<\/td><td>64<\/td><\/tr><\/tbody><\/table><\/figure>\n\n\n\n<p><strong>SEGUNDO A\u00d1O<\/strong><\/p>\n\n\n\n<figure class=\"wp-block-table\"><table class=\"has-fixed-layout\"><tbody><tr><td><strong>\u00c1rea de Producci\u00f3n<\/strong><\/td><td><strong>N\u00ba<\/strong><\/td><td><strong>Asignaturas<\/strong><\/td><td><strong>Horas<\/strong><\/td><\/tr><tr><td><\/td><td>1<\/td><td>Canto (Ciclo Superior 2) II<\/td><td>64<\/td><\/tr><tr><td><\/td><td>3<\/td><td>Conjunto de C\u00e1mara II<\/td><td>32<\/td><\/tr><tr><td><\/td><td>4<\/td><td>Repertorio II (Ciclo Superior 2)<\/td><td>64<\/td><\/tr><tr><td><\/td><td>5<\/td><td>Pr\u00e1ctica Esc\u00e9nica II<\/td><td>64<\/td><\/tr><tr><td><strong>\u00c1rea del Lenguaje Musical<\/strong><\/td><td>6<\/td><td>Elementos T\u00e9cnicos de la M\u00fasica II<\/td><td>128<\/td><\/tr><tr><td><strong>Espacio Institucional <\/strong><\/td><td>8<\/td><td>Taller de M\u00fasica Popular<br>Taller de Folklore &#8211; M\u00fasica Argentina<\/td><td>128<\/td><\/tr><\/tbody><\/table><figcaption class=\"wp-element-caption\"><strong><em>T\u00edtulo Intermedio: Cantante<\/em><\/strong><\/figcaption><\/figure>\n\n\n\n<p><strong>TERCER A\u00d1O<\/strong><\/p>\n\n\n\n<figure class=\"wp-block-table\"><table class=\"has-fixed-layout\"><tbody><tr><td><strong>\u00c1rea de Producci\u00f3n<\/strong><\/td><td><strong>N\u00ba<\/strong><\/td><td><strong>Asignaturas<\/strong><\/td><td><strong>Horas<\/strong><\/td><\/tr><tr><td><\/td><td>1<\/td><td>Canto III<\/td><td>64<\/td><\/tr><tr><td><\/td><td>2<\/td><td>Conjunto de C\u00e1mara III<\/td><td>32<\/td><\/tr><tr><td><\/td><td>3<\/td><td>Repertorio III<\/td><td>64<\/td><\/tr><tr><td><\/td><td>4<\/td><td>Ac\u00fastica<\/td><td>64<\/td><\/tr><tr><td><strong>\u00c1rea del Lenguaje Musical &#8211; Recepci\u00f3n<\/strong><\/td><td>5<\/td><td>Elementos T\u00e9cnicos de la M\u00fasica II<\/td><td>128<\/td><\/tr><tr><td><strong>\u00c1rea de Vinculaciones contextuales<\/strong><\/td><td><\/td><td>Historia de la M\u00fasica III<\/td><td>64<\/td><\/tr><tr><td><strong>Espacio Institucional <\/strong><\/td><td>6<\/td><td>Taller de Teatro Musical<\/td><td>96<\/td><\/tr><\/tbody><\/table><\/figure>\n\n\n\n<p><strong>CUARTO A\u00d1O<\/strong><\/p>\n\n\n\n<figure class=\"wp-block-table\"><table class=\"has-fixed-layout\"><tbody><tr><td><strong>\u00c1rea de Producci\u00f3n<\/strong><\/td><td><strong>N\u00ba<\/strong><\/td><td><strong>Asignaturas<\/strong><\/td><td><strong>Horas<\/strong><\/td><\/tr><tr><td><\/td><td>1<\/td><td>Canto IV<\/td><td>64<\/td><\/tr><tr><td><\/td><td>2<\/td><td>Conjunto de C\u00e1mara IV<\/td><td>32<\/td><\/tr><tr><td><\/td><td>3<\/td><td>Repertorio IV<\/td><td>32<\/td><\/tr><tr><td><\/td><td>4<\/td><td>Medios Electroac\u00fasticos<\/td><td>64<\/td><\/tr><tr><td><strong>\u00c1rea del Lenguaje Musical &#8211; Recepci\u00f3n<\/strong><\/td><td>5<\/td><td>Elementos T\u00e9cnicos de la M\u00fasica Iv<\/td><td>128<\/td><\/tr><tr><td><strong>\u00c1rea de Vinculaciones contextuales<\/strong><\/td><td>6<\/td><td>Historia de la M\u00fasica Argentina y Latinoamericana<\/td><td>64<\/td><\/tr><tr><td><\/td><td><\/td><td>Literatura<\/td><td>64<\/td><\/tr><tr><td><\/td><td>7<\/td><td>Artes Visuales<\/td><td>64<\/td><\/tr><tr><td><strong>Espacio Institucional <\/strong><\/td><td>8<\/td><td>An\u00e1lisis de las Vanguardias del S. XX<\/td><td>96<\/td><\/tr><\/tbody><\/table><\/figure>\n\n\n\n<p><strong>T\u00edtulo: Cantante Superior<\/strong><\/p>\n","protected":false},"excerpt":{"rendered":"<p>DURACION : 2 A\u00d1OS &#8211; 4 A\u00d1OS REQUISITOS DE INGRESOTercer a\u00f1o aprobado de Educaci\u00f3n Secundaria (Secundaria b\u00e1sica completa)Segundo nivel o segundo a\u00f1o del Ciclo Medio de la Formaci\u00f3n B\u00e1scia en M\u00fasica COMPLETO(Ver r\u00e9gimen de correlatividades del espacio de la orientaci\u00f3n del Profesorado en Canto). T\u00cdTULOCantanteCantante Superior DISE\u00d1O CURRICULAR PRIMER A\u00d1O \u00c1rea de Producci\u00f3n N\u00ba Asignaturas &#8230; <a title=\"Tecnicatura en Capacitaci\u00f3n vocal\" class=\"read-more\" href=\"https:\/\/cmch-bue.infd.edu.ar\/sitio\/tecnicatura-en-capacitacion-vocal\/\" aria-label=\"More on Tecnicatura en Capacitaci\u00f3n vocal\">[+]<\/a><\/p>\n","protected":false},"author":23,"featured_media":0,"parent":0,"menu_order":0,"comment_status":"closed","ping_status":"closed","template":"","meta":[],"acf":[],"_links":{"self":[{"href":"https:\/\/cmch-bue.infd.edu.ar\/sitio\/wp-json\/wp\/v2\/pages\/919"}],"collection":[{"href":"https:\/\/cmch-bue.infd.edu.ar\/sitio\/wp-json\/wp\/v2\/pages"}],"about":[{"href":"https:\/\/cmch-bue.infd.edu.ar\/sitio\/wp-json\/wp\/v2\/types\/page"}],"author":[{"embeddable":true,"href":"https:\/\/cmch-bue.infd.edu.ar\/sitio\/wp-json\/wp\/v2\/users\/23"}],"replies":[{"embeddable":true,"href":"https:\/\/cmch-bue.infd.edu.ar\/sitio\/wp-json\/wp\/v2\/comments?post=919"}],"version-history":[{"count":3,"href":"https:\/\/cmch-bue.infd.edu.ar\/sitio\/wp-json\/wp\/v2\/pages\/919\/revisions"}],"predecessor-version":[{"id":931,"href":"https:\/\/cmch-bue.infd.edu.ar\/sitio\/wp-json\/wp\/v2\/pages\/919\/revisions\/931"}],"wp:attachment":[{"href":"https:\/\/cmch-bue.infd.edu.ar\/sitio\/wp-json\/wp\/v2\/media?parent=919"}],"curies":[{"name":"wp","href":"https:\/\/api.w.org\/{rel}","templated":true}]}}