{"id":901,"date":"2023-09-20T11:51:10","date_gmt":"2023-09-20T14:51:10","guid":{"rendered":"https:\/\/cmch-bue.infd.edu.ar\/sitio\/?page_id=901"},"modified":"2023-10-25T12:04:41","modified_gmt":"2023-10-25T15:04:41","slug":"formacion-basica","status":"publish","type":"page","link":"https:\/\/cmch-bue.infd.edu.ar\/sitio\/formacion-basica\/","title":{"rendered":"FORMACI\u00d3N B\u00c1SICA"},"content":{"rendered":"\n<p class=\"has-medium-font-size\"><strong>Ingreso diferenciado por edades<\/strong><\/p>\n\n\n\n<p class=\"has-medium-font-size\"><strong>FORMACI\u00d3N B\u00c1SICA para NI\u00d1OS y PRE-ADOLESCENTES<\/strong><\/p>\n\n\n\n<p class=\"has-medium-font-size\">DURACION SEIS (6) A\u00d1OS<br>Distribuidos en dos Ciclos<br>CICLO INICIAL: TRES (3) A\u00d1OS<br>CICLO MEDIO: TRES (3) A\u00d1OS <br><br>REQUISITOS DE INGRESO Edad M\u00ednima: 9 A\u00f1os 3er a\u00f1o aprobado de EP<\/p>\n\n\n\n<p class=\"has-medium-font-size\"><strong>FORMACI\u00d3N B\u00c1SICA para J\u00d3VENES y ADULTOS<\/strong><\/p>\n\n\n\n<p>DURACION TRES (3) NIVELES<\/p>\n\n\n\n<p>REQUISITOS DE INGRESO Edad M\u00ednima: 14 A\u00f1os &#8211; 2do A\u00f1o Secundario Completo<\/p>\n\n\n\n<h2 class=\"has-text-align-center wp-block-heading\"><strong>FORMACI\u00d3N B\u00c1SICA PARA NI\u00d1OS Y PREADOLESCENTES<\/strong><\/h2>\n\n\n\n<div class=\"wp-block-file\"><object class=\"wp-block-file__embed\" data=\"https:\/\/cmch-bue.infd.edu.ar\/sitio\/wp-content\/uploads\/2023\/10\/FOBA_nin\u0303os_preadolescentes-res-13231.pdf\" type=\"application\/pdf\" style=\"width:100%;height:600px\" aria-label=\"Incrustado de FOBA_nin\u0303os_preadolescentes-res-13231.\"><\/object><a id=\"wp-block-file--media-4f03f7e3-d12c-45dc-bd93-fd11888d7834\" href=\"https:\/\/cmch-bue.infd.edu.ar\/sitio\/wp-content\/uploads\/2023\/10\/FOBA_nin\u0303os_preadolescentes-res-13231.pdf\">FOBA_nin\u0303os_preadolescentes-res-13231<\/a><a href=\"https:\/\/cmch-bue.infd.edu.ar\/sitio\/wp-content\/uploads\/2023\/10\/FOBA_nin\u0303os_preadolescentes-res-13231.pdf\" class=\"wp-block-file__button wp-element-button\" download aria-describedby=\"wp-block-file--media-4f03f7e3-d12c-45dc-bd93-fd11888d7834\">Descarga<\/a><\/div>\n\n\n\n<hr class=\"wp-block-separator has-alpha-channel-opacity\"\/>\n\n\n\n<h2 class=\"has-text-align-center wp-block-heading\"><strong>FORMACI\u00d3N B\u00c1SICA PARA J\u00d3VENES Y ADULTOS<\/strong><\/h2>\n\n\n\n<div class=\"wp-block-file\"><object class=\"wp-block-file__embed\" data=\"https:\/\/cmch-bue.infd.edu.ar\/sitio\/wp-content\/uploads\/2023\/10\/FOBA_jo\u0301venes_adultos-res-13231.pdf\" type=\"application\/pdf\" style=\"width:100%;height:600px\" aria-label=\"Incrustado de FOBA_jo\u0301venes_adultos-res-13231.\"><\/object><a id=\"wp-block-file--media-3567af7c-070f-4734-8539-f8d00da2dac6\" href=\"https:\/\/cmch-bue.infd.edu.ar\/sitio\/wp-content\/uploads\/2023\/10\/FOBA_jo\u0301venes_adultos-res-13231.pdf\">FOBA_jo\u0301venes_adultos-res-13231<\/a><a href=\"https:\/\/cmch-bue.infd.edu.ar\/sitio\/wp-content\/uploads\/2023\/10\/FOBA_jo\u0301venes_adultos-res-13231.pdf\" class=\"wp-block-file__button wp-element-button\" download aria-describedby=\"wp-block-file--media-3567af7c-070f-4734-8539-f8d00da2dac6\">Descarga<\/a><\/div>\n","protected":false},"excerpt":{"rendered":"<p>Ingreso diferenciado por edades FORMACI\u00d3N B\u00c1SICA para NI\u00d1OS y PRE-ADOLESCENTES DURACION SEIS (6) A\u00d1OSDistribuidos en dos CiclosCICLO INICIAL: TRES (3) A\u00d1OSCICLO MEDIO: TRES (3) A\u00d1OS REQUISITOS DE INGRESO Edad M\u00ednima: 9 A\u00f1os 3er a\u00f1o aprobado de EP FORMACI\u00d3N B\u00c1SICA para J\u00d3VENES y ADULTOS DURACION TRES (3) NIVELES REQUISITOS DE INGRESO Edad M\u00ednima: 14 A\u00f1os &#8211; &#8230; <a title=\"FORMACI\u00d3N B\u00c1SICA\" class=\"read-more\" href=\"https:\/\/cmch-bue.infd.edu.ar\/sitio\/formacion-basica\/\" aria-label=\"More on FORMACI\u00d3N B\u00c1SICA\">[+]<\/a><\/p>\n","protected":false},"author":23,"featured_media":0,"parent":0,"menu_order":0,"comment_status":"closed","ping_status":"closed","template":"","meta":[],"acf":[],"_links":{"self":[{"href":"https:\/\/cmch-bue.infd.edu.ar\/sitio\/wp-json\/wp\/v2\/pages\/901"}],"collection":[{"href":"https:\/\/cmch-bue.infd.edu.ar\/sitio\/wp-json\/wp\/v2\/pages"}],"about":[{"href":"https:\/\/cmch-bue.infd.edu.ar\/sitio\/wp-json\/wp\/v2\/types\/page"}],"author":[{"embeddable":true,"href":"https:\/\/cmch-bue.infd.edu.ar\/sitio\/wp-json\/wp\/v2\/users\/23"}],"replies":[{"embeddable":true,"href":"https:\/\/cmch-bue.infd.edu.ar\/sitio\/wp-json\/wp\/v2\/comments?post=901"}],"version-history":[{"count":4,"href":"https:\/\/cmch-bue.infd.edu.ar\/sitio\/wp-json\/wp\/v2\/pages\/901\/revisions"}],"predecessor-version":[{"id":929,"href":"https:\/\/cmch-bue.infd.edu.ar\/sitio\/wp-json\/wp\/v2\/pages\/901\/revisions\/929"}],"wp:attachment":[{"href":"https:\/\/cmch-bue.infd.edu.ar\/sitio\/wp-json\/wp\/v2\/media?parent=901"}],"curies":[{"name":"wp","href":"https:\/\/api.w.org\/{rel}","templated":true}]}}