{"id":761,"date":"2018-08-29T15:43:30","date_gmt":"2018-08-29T18:43:30","guid":{"rendered":"https:\/\/cmch-bue.infd.edu.ar\/sitio\/historia\/"},"modified":"2023-04-12T12:10:08","modified_gmt":"2023-04-12T15:10:08","slug":"historia","status":"publish","type":"page","link":"https:\/\/cmch-bue.infd.edu.ar\/sitio\/historia\/","title":{"rendered":"Historia"},"content":{"rendered":"\n<h5 class=\"has-accent-color has-text-color wp-block-heading\"><span style=\"color: #005485; font-size: 14pt;\">Los comienzos<\/span><\/h5>\n\n\n\n<p><span style=\"color: #000000;\">El Conservatorio de M\u00fasica de Chascom\u00fas fue creado por Resoluci\u00f3n Ministerial N\u00b0 00390\/65, a iniciativa del Rvdo Padre Pedro Leonhart, y del Rvdo. Padre Angel Victorino Colabella, que de esta forma lograba satisfacer la demanda de una gran parte de la sociedad deseosa de cursar estudios musicales y obtener al mismo tiempo una certificaci\u00f3n oficial de los mismos.<\/span><\/p>\n\n\n\n<p><span style=\"color: #000000;\">Hasta el momento de su creaci\u00f3n s\u00f3lo se dictaban clases de m\u00fasica en forma particular a cargo de profesores especializados que brindan ense\u00f1anzas de algunos instrumentos.<\/span><\/p>\n\n\n\n<p><span style=\"color: #000000;\">El Conservatorio de M\u00fasica fue creado Bajo la dependencia de la Direcci\u00f3n de Ense\u00f1anza Art\u00edstica por Resoluci\u00f3n Ministerial N\u00b0 00390\/65, con fecha del 8 de Junio de 1965. El acto de inauguraci\u00f3n se realiz\u00f3 el 7 de Julio de 1965 comenzando sus actividades el 22 de Julio.<\/span><\/p>\n\n\n\n<p><span style=\"font-family: tahoma, arial, helvetica, sans-serif; font-size: 8pt; color: #000000;\"><span id=\"docs-internal-guid-23d0fab9-5485-e3c0-ea60-8af39566c23a\">En la ceremonia de inauguraci\u00f3n ejecut\u00f3 el Himno Nacional y posteriormente obras del repertorio pian\u00edstico la Prof. Elsa Carranza.<\/span><br><\/span><\/p>\n\n\n\n<p><span style=\"color: #000000;\">&nbsp;<\/span><\/p>\n\n\n\n<p><span class=\"Titulo2\" style=\"color: #005485; font-size: 14pt;\"><strong>Conformaron el primer personal docente<\/strong><\/span><\/p>\n\n\n\n<p>Director: Rvdo. Padre Pedro Leonhart<\/p>\n\n\n\n<p>Profesor de Guitarra: Elvira Mart\u00ednez.<\/p>\n\n\n\n<p>Profesor de Piano: Elsa Carranza<\/p>\n\n\n\n<p>Profesora de Introducci\u00f3n a la M\u00fasica: Luc\u00eda Wolcan<\/p>\n\n\n\n<p>Profesora de \u00d3rgano: Luc\u00eda Wolcan<\/p>\n\n\n\n<p>Preceptora: Nicolina Noemi Lejona<\/p>\n\n\n\n<p>Auxiliar de Administraci\u00f3n: Belma Mar\u00eda Izurieta.<\/p>\n\n\n\n<p>&nbsp;<\/p>\n\n\n\n<p><span class=\"Titulo2\" style=\"color: #005485; font-size: 14pt;\"><strong>Las primeras carreras fueron:<\/strong><\/span><\/p>\n\n\n\n<p>Profesora Superior de Piano.<\/p>\n\n\n\n<p>Guitarra.<\/p>\n\n\n\n<p>\u00d3rgano.<\/p>\n\n\n\n<p>Desde su creaci\u00f3n hasta hoy se fueron incorporando nuevas carreras:<\/p>\n\n\n\n<p>-1967: se incorporaron armon\u00eda, historia de la m\u00fasica y solfeo moderno.<\/p>\n\n\n\n<p>-1968: m\u00fasica de c\u00e1mara y ac\u00fastica.<\/p>\n\n\n\n<p>-1969: viol\u00edn y canto<\/p>\n\n\n\n<p>-1970: clarinete y trompeta.<\/p>\n\n\n\n<p>-1971: saxof\u00f3n y percusi\u00f3n.<\/p>\n\n\n\n<p>-1972: contrabajo.<\/p>\n\n\n\n<p>-1980: Flauta traversa.<\/p>\n\n\n\n<p>-1981: Magisterio de M\u00fasica.<\/p>\n\n\n\n<p>-1982: violonchelo.<\/p>\n\n\n\n<p>-1985: Profesorado de Educaci\u00f3n Musical<\/p>\n\n\n\n<p>-1987: Profesorado Superior de Educaci\u00f3n Musical.<\/p>\n\n\n\n<p>-2009 se incorpora la Formaci\u00f3n B\u00e1sica en M\u00fasica Popular en las especialidades de Guitarra el\u00e9ctrica, Bajo el\u00e9ctrico y Canto Popular.<\/p>\n\n\n\n<p>&nbsp;<\/p>\n\n\n\n<p><span style=\"color: #005485; font-size: 14pt;\"><strong>Lugares de clases<\/strong><\/span><\/p>\n\n\n\n<p>El Conservatorio de M\u00fasica de Chascom\u00fas comenz\u00f3 sus actividades el 22 de julio en el Ateneo Parroquial, instalaciones cedidas por el Padre Pedro Leonhart, quien es su primer director, cargo que ocupa hasta 1978, en que se jubila.<\/p>\n\n\n\n<p>En 1974, el Conservatorio de M\u00fasica se traslada a su emplazamiento actual en la calle Alsina 140. Este edificio fue adquirido en 1980 por la Direcci\u00f3n General de Cultura y Educaci\u00f3n.<\/p>\n\n\n\n<p>Mediante ordenanza N\u00b0 2741, emanada del Honorable Concejo Deliberante. el 26 de diciembre de 1997 fue declarado Monumento Hist\u00f3rico Municipal al edificio donde funciona actualmente el Conservatorio de M\u00fasica.<\/p>\n\n\n\n<p>En el a\u00f1o 2005, se dispone la extensi\u00f3n del Conservatorio de M\u00fasica del Distrito Chascom\u00fas en la ciudad de Castelli, con la implementaci\u00f3n gradual de la Formaci\u00f3n B\u00e1sica en M\u00fasica de acuerdo a la disposici\u00f3n N\u00b0 33 emanada por la Direcci\u00f3n de Educaci\u00f3n Art\u00edstica. Se concreta la implementaci\u00f3n en el a\u00f1o 2007 con las especialidades instrumentales de piano y guitarra y la articulaci\u00f3n con Sede en otras especialidades.<\/p>\n\n\n\n<p>&nbsp;<\/p>\n\n\n\n<p><span style=\"color: #005485; font-size: 14pt;\"><strong>Las autoridades en los siguientes per\u00edodos fueron:<\/strong><\/span><\/p>\n\n\n\n<p>1965-1978: Rvdo. Padre Pedro Leonhart.<\/p>\n\n\n\n<p>1978- 1998: Prof. Nicolini Noemi Lejona de Girado.<\/p>\n\n\n\n<p>1998: Prof. Mar\u00eda del Carmen Morete (interina).<\/p>\n\n\n\n<p>1998- 2003: Prof. Juan Carlos Panarace.<\/p>\n\n\n\n<p><span id=\"docs-internal-guid-23d0fab9-5476-f6c1-9ab4-4fae1403ce5a\">2004 &#8211; 2016: Prof. Patricia Rocca.<\/span><\/p>\n\n\n\n<p>2016 &#8211; 2019: Mariana Lejona<\/p>\n\n\n\n<p>2019 hasta la actualidad: Tob\u00edas Rebullida<\/p>\n\n\n\n<p>&nbsp;<\/p>\n\n\n\n<p><span style=\"color: #005485; font-size: 14pt;\"><strong>Oferta educativa actual:<\/strong><\/span><\/p>\n\n\n\n<p>Profesorado en M\u00fasica orientaci\u00f3n Instrumento (Plan 13234\/99)<\/p>\n\n\n\n<p>Profesorado en M\u00fasica orientaci\u00f3n Canto (Plan 13234\/99)<\/p>\n\n\n\n<p>Profesorado en M\u00fasica orientaci\u00f3n Educaci\u00f3n Musical (Plan 855\/99)<\/p>\n\n\n\n<p>Profesorado en M\u00fasica orientaci\u00f3n Canto en M\u00fasica Popular (Plan 13234\/99)<\/p>\n\n\n\n<p>Tecnicatura en Capacitaci\u00f3n Instrumental (Plan 13235\/99)<\/p>\n\n\n\n<p>Tecnicatura en Capacitaci\u00f3n Vocal. (Plan 13235\/99)<\/p>\n\n\n\n<p>&nbsp;<\/p>\n\n\n\n<p>Las especialidades instrumentales que se ofrecen son: piano, guitarra, percusi\u00f3n, flauta, oboe, clarinete, saxo, fagot, trompeta, viol\u00edn, viola, violoncello, contrabajo, canto l\u00edrico, canto popular, guitarra el\u00e9ctrica y bajo el\u00e9ctrico.<\/p>\n","protected":false},"excerpt":{"rendered":"<p>Los comienzos El Conservatorio de M\u00fasica de Chascom\u00fas fue creado por Resoluci\u00f3n Ministerial N\u00b0 00390\/65, a iniciativa del Rvdo Padre Pedro Leonhart, y del Rvdo. Padre Angel Victorino Colabella, que de esta forma lograba satisfacer la demanda de una gran parte de la sociedad deseosa de cursar estudios musicales y obtener al mismo tiempo una &#8230; <a title=\"Historia\" class=\"read-more\" href=\"https:\/\/cmch-bue.infd.edu.ar\/sitio\/historia\/\" aria-label=\"More on Historia\">[+]<\/a><\/p>\n","protected":false},"author":18,"featured_media":0,"parent":0,"menu_order":0,"comment_status":"closed","ping_status":"closed","template":"","meta":[],"acf":[],"_links":{"self":[{"href":"https:\/\/cmch-bue.infd.edu.ar\/sitio\/wp-json\/wp\/v2\/pages\/761"}],"collection":[{"href":"https:\/\/cmch-bue.infd.edu.ar\/sitio\/wp-json\/wp\/v2\/pages"}],"about":[{"href":"https:\/\/cmch-bue.infd.edu.ar\/sitio\/wp-json\/wp\/v2\/types\/page"}],"author":[{"embeddable":true,"href":"https:\/\/cmch-bue.infd.edu.ar\/sitio\/wp-json\/wp\/v2\/users\/18"}],"replies":[{"embeddable":true,"href":"https:\/\/cmch-bue.infd.edu.ar\/sitio\/wp-json\/wp\/v2\/comments?post=761"}],"version-history":[{"count":4,"href":"https:\/\/cmch-bue.infd.edu.ar\/sitio\/wp-json\/wp\/v2\/pages\/761\/revisions"}],"predecessor-version":[{"id":829,"href":"https:\/\/cmch-bue.infd.edu.ar\/sitio\/wp-json\/wp\/v2\/pages\/761\/revisions\/829"}],"wp:attachment":[{"href":"https:\/\/cmch-bue.infd.edu.ar\/sitio\/wp-json\/wp\/v2\/media?parent=761"}],"curies":[{"name":"wp","href":"https:\/\/api.w.org\/{rel}","templated":true}]}}