{"id":759,"date":"2018-08-29T15:43:29","date_gmt":"2018-08-29T18:43:29","guid":{"rendered":"https:\/\/cmch-bue.infd.edu.ar\/sitio\/equipo-de-conduccion\/"},"modified":"2023-10-11T11:26:00","modified_gmt":"2023-10-11T14:26:00","slug":"equipo-de-conduccion","status":"publish","type":"page","link":"https:\/\/cmch-bue.infd.edu.ar\/sitio\/equipo-de-conduccion\/","title":{"rendered":"Equipo de conducci\u00f3n"},"content":{"rendered":"\n<h2 class=\"has-accent-color has-text-color wp-block-heading\"><strong>Autoridades del Instituto<\/strong><\/h2>\n\n\n\n<p>Director: Tob\u00edas Rebullida<\/p>\n\n\n\n<p>Vicedirector: Santiago N\u00e1poli<\/p>\n\n\n\n<p>Secretario: Francisco N\u00e1poli<\/p>\n\n\n\n<p>Regente: Anal\u00eda Escurdia<\/p>\n\n\n\n<p>Jefe \u00c1rea: Constanza Meineros<\/p>\n\n\n\n<hr class=\"wp-block-separator has-alpha-channel-opacity\"\/>\n\n\n\n<h2 class=\"has-accent-color has-text-color wp-block-heading\"><strong>Personal Administrativo<\/strong><\/h2>\n\n\n\n<p>Preceptores:&nbsp; Mar\u00eda Fernanda Aguirre&nbsp;\/ Ana Couselo &nbsp;\/&nbsp;Mar\u00eda Silvana Villanueva \/&nbsp;David Heredia<\/p>\n\n\n\n<p>Preceptor Anexo Castelli:&nbsp;Cala Mart\u00ed<\/p>\n\n\n\n<p>Bibliotecaria: Fern\u00e1ndez Susana<\/p>\n\n\n\n<p>Auxiliares: De Olivera Mar\u00eda Celia \/ Vanden Bossch N\u00e9lida \/ Ledesma Daniela \/ Nonis Sandra \/ Shafer Olga \/ Yanibelly Marina<\/p>\n","protected":false},"excerpt":{"rendered":"<p>Autoridades del Instituto Director: Tob\u00edas Rebullida Vicedirector: Santiago N\u00e1poli Secretario: Francisco N\u00e1poli Regente: Anal\u00eda Escurdia Jefe \u00c1rea: Constanza Meineros Personal Administrativo Preceptores:&nbsp; Mar\u00eda Fernanda Aguirre&nbsp;\/ Ana Couselo &nbsp;\/&nbsp;Mar\u00eda Silvana Villanueva \/&nbsp;David Heredia Preceptor Anexo Castelli:&nbsp;Cala Mart\u00ed Bibliotecaria: Fern\u00e1ndez Susana Auxiliares: De Olivera Mar\u00eda Celia \/ Vanden Bossch N\u00e9lida \/ Ledesma Daniela \/ Nonis Sandra \/ &#8230; <a title=\"Equipo de conducci\u00f3n\" class=\"read-more\" href=\"https:\/\/cmch-bue.infd.edu.ar\/sitio\/equipo-de-conduccion\/\" aria-label=\"More on Equipo de conducci\u00f3n\">[+]<\/a><\/p>\n","protected":false},"author":18,"featured_media":0,"parent":0,"menu_order":0,"comment_status":"closed","ping_status":"closed","template":"","meta":[],"acf":[],"_links":{"self":[{"href":"https:\/\/cmch-bue.infd.edu.ar\/sitio\/wp-json\/wp\/v2\/pages\/759"}],"collection":[{"href":"https:\/\/cmch-bue.infd.edu.ar\/sitio\/wp-json\/wp\/v2\/pages"}],"about":[{"href":"https:\/\/cmch-bue.infd.edu.ar\/sitio\/wp-json\/wp\/v2\/types\/page"}],"author":[{"embeddable":true,"href":"https:\/\/cmch-bue.infd.edu.ar\/sitio\/wp-json\/wp\/v2\/users\/18"}],"replies":[{"embeddable":true,"href":"https:\/\/cmch-bue.infd.edu.ar\/sitio\/wp-json\/wp\/v2\/comments?post=759"}],"version-history":[{"count":4,"href":"https:\/\/cmch-bue.infd.edu.ar\/sitio\/wp-json\/wp\/v2\/pages\/759\/revisions"}],"predecessor-version":[{"id":912,"href":"https:\/\/cmch-bue.infd.edu.ar\/sitio\/wp-json\/wp\/v2\/pages\/759\/revisions\/912"}],"wp:attachment":[{"href":"https:\/\/cmch-bue.infd.edu.ar\/sitio\/wp-json\/wp\/v2\/media?parent=759"}],"curies":[{"name":"wp","href":"https:\/\/api.w.org\/{rel}","templated":true}]}}