{"id":749,"date":"2018-08-29T15:43:26","date_gmt":"2018-08-29T18:43:26","guid":{"rendered":"https:\/\/cmch-bue.infd.edu.ar\/sitio\/datos-institucionales\/"},"modified":"2023-04-05T12:45:04","modified_gmt":"2023-04-05T15:45:04","slug":"datos-institucionales","status":"publish","type":"page","link":"https:\/\/cmch-bue.infd.edu.ar\/sitio\/datos-institucionales\/","title":{"rendered":"Datos institucionales"},"content":{"rendered":"\n<p>Conservatorio de M\u00fasica de Chascom\u00fas<br><strong>Sede Oficial<\/strong><br>Direcci\u00f3n: <strong>Alsina N\u00ba 140<\/strong><br>Tel\u00e9fono Fijo: 2241- 43 6915<br>Celular: +54 9 2241 41 3154<\/p>\n\n\n\n<p>Conservatorio de M\u00fasica de Chascom\u00fas<br><strong>Anexo<\/strong><br>Direcci\u00f3n: <strong>Col\u00f3n N\u00ba 192<\/strong> e\/ Jorge Newbery y Lavalle<\/p>\n\n\n\n<p>Conservatorio de M\u00fasica <strong>Extensi\u00f3n ciudad de Castelli<\/strong><br>Houssay 240<br>Celular: 02245 15-50-9836<\/p>\n\n\n\n<p><\/p>\n\n\n\n<p><strong>Correo electr\u00f3nico Institucional<\/strong><br><a rel=\"noreferrer noopener\" href=\"mailto:conservatoriochascomus@abc.gob.ar\" target=\"_blank\">conservatoriochascomus@abc.gob.ar<\/a><br><\/p>\n\n\n\n<p><\/p>\n\n\n\n<p><br><\/p>\n","protected":false},"excerpt":{"rendered":"<p>Conservatorio de M\u00fasica de Chascom\u00fasSede OficialDirecci\u00f3n: Alsina N\u00ba 140Tel\u00e9fono Fijo: 2241- 43 6915Celular: +54 9 2241 41 3154 Conservatorio de M\u00fasica de Chascom\u00fasAnexoDirecci\u00f3n: Col\u00f3n N\u00ba 192 e\/ Jorge Newbery y Lavalle Conservatorio de M\u00fasica Extensi\u00f3n ciudad de CastelliHoussay 240Celular: 02245 15-50-9836 Correo electr\u00f3nico Institucionalconservatoriochascomus@abc.gob.ar<\/p>\n","protected":false},"author":18,"featured_media":0,"parent":0,"menu_order":0,"comment_status":"closed","ping_status":"closed","template":"","meta":[],"acf":[],"_links":{"self":[{"href":"https:\/\/cmch-bue.infd.edu.ar\/sitio\/wp-json\/wp\/v2\/pages\/749"}],"collection":[{"href":"https:\/\/cmch-bue.infd.edu.ar\/sitio\/wp-json\/wp\/v2\/pages"}],"about":[{"href":"https:\/\/cmch-bue.infd.edu.ar\/sitio\/wp-json\/wp\/v2\/types\/page"}],"author":[{"embeddable":true,"href":"https:\/\/cmch-bue.infd.edu.ar\/sitio\/wp-json\/wp\/v2\/users\/18"}],"replies":[{"embeddable":true,"href":"https:\/\/cmch-bue.infd.edu.ar\/sitio\/wp-json\/wp\/v2\/comments?post=749"}],"version-history":[{"count":2,"href":"https:\/\/cmch-bue.infd.edu.ar\/sitio\/wp-json\/wp\/v2\/pages\/749\/revisions"}],"predecessor-version":[{"id":815,"href":"https:\/\/cmch-bue.infd.edu.ar\/sitio\/wp-json\/wp\/v2\/pages\/749\/revisions\/815"}],"wp:attachment":[{"href":"https:\/\/cmch-bue.infd.edu.ar\/sitio\/wp-json\/wp\/v2\/media?parent=749"}],"curies":[{"name":"wp","href":"https:\/\/api.w.org\/{rel}","templated":true}]}}