{"id":723,"date":"2018-08-29T15:43:19","date_gmt":"2018-08-29T18:43:19","guid":{"rendered":"https:\/\/cmch-bue.infd.edu.ar\/sitio\/profesorado-en-2\/"},"modified":"2023-11-29T11:55:39","modified_gmt":"2023-11-29T14:55:39","slug":"profesorado-en-2","status":"publish","type":"page","link":"https:\/\/cmch-bue.infd.edu.ar\/sitio\/profesorado-en-2\/","title":{"rendered":"Profesorado en M\u00fasica orientaci\u00f3n Canto"},"content":{"rendered":"\n<p><strong>PROFESORADO EN M\u00daSICA (Orientaci\u00f3n CANTO)<\/strong>&nbsp;\u2013&nbsp;<strong>PLAN RESOL. 13234\/99<\/strong><\/p>\n\n\n\n<p class=\"has-large-font-size\">DISE\u00d1O CURRICULAR<\/p>\n\n\n\n<figure class=\"wp-block-table\"><table class=\"has-contrast-color has-text-color\"><tbody><tr><td><strong>A\u00f1o<\/strong><\/td><td><strong>Campos de Formaci\u00f3n<\/strong><\/td><td><strong>N\u00ba<\/strong><\/td><td><strong>Asignaturas<\/strong><\/td><td><strong>Horas<\/strong><\/td><\/tr><tr><td>1\u00ba<\/td><td><strong>Espacio de la fundamentaci\u00f3n pedag\u00f3gica<\/strong><\/td><td>1<\/td><td>Perspectiva Filos\u00f3fico \u2013 Pedag\u00f3gica I<\/td><td>64<\/td><\/tr><tr><td><\/td><td><\/td><td>2<\/td><td>Perspectiva Pedag\u00f3gico -Did\u00e1ctica I<\/td><td>64<\/td><\/tr><tr><td><\/td><td><\/td><td>3<\/td><td>Perspectiva Sociopol\u00edtica<\/td><td>64<\/td><\/tr><tr><td><\/td><td><strong>Espacio de la especializaci\u00f3n por niveles<\/strong><\/td><td>4<\/td><td>Psicolog\u00eda y Cultura en la Educaci\u00f3n<\/td><td>64<\/td><\/tr><tr><td><\/td><td><strong>Espacio de orientaci\u00f3n \u2013 \u00c1rea de Producci\u00f3n<\/strong><\/td><td>5<\/td><td>Canto I<\/td><td>32<\/td><\/tr><tr><td><\/td><td><\/td><td>6<\/td><td>Instrumento arm\u00f3nico (piano) I<\/td><td>32<\/td><\/tr><tr><td><\/td><td><\/td><td>7<\/td><td>Conjunto de C\u00e1mara I<\/td><td>32<\/td><\/tr><tr><td><\/td><td><\/td><td>8<\/td><td>Repertorio I<\/td><td>64<\/td><\/tr><tr><td><\/td><td><\/td><td>9<\/td><td>Pr\u00e1ctico Esc\u00e9nicaI<\/td><td>64<\/td><\/tr><tr><td><\/td><td><strong>Espacio de orientaci\u00f3n \u2013 \u00c1rea de Lenguaje \u2013 Recepci\u00f3n<\/strong><\/td><td>10<\/td><td>Elementos T\u00e9cnicos de la M\u00fasica I<\/td><td>128<\/td><\/tr><tr><td><\/td><td><strong>Espacio de orientaci\u00f3n \u2013 \u00c1reas de vinculaciones contextuales.<\/strong><\/td><td>11<\/td><td>Historio de la M\u00fasica I<\/td><td>64<\/td><\/tr><tr><td><\/td><td>Espacios Institucionales<\/td><td>12<\/td><td>Taller de R\u00edtmica<\/td><td>64<\/td><\/tr><tr><td><\/td><td>Formaci\u00f3n \u00c9tica, Mundo contempor\u00e1neo<\/td><td><\/td><td>atraviesan todos los espacios<\/td><td><\/td><\/tr><tr><td><\/td><td><\/td><td><\/td><td>Espacio de la Pr\u00e1ctica Docente I<\/td><td>64<\/td><\/tr><tr><td><strong>2\u00ba<\/strong><\/td><td><strong>Espacio de la fundamentaci\u00f3n pedag\u00f3gica<\/strong><\/td><td>13<\/td><td>Perspectiva Filos\u00f3fico \u2013 Pedag\u00f3gica II<\/td><td>64<\/td><\/tr><tr><td><\/td><td><\/td><td>14<\/td><td>Perspectiva Pedag\u00f3gico \u2013 Did\u00e1ctica II<\/td><td>64<\/td><\/tr><tr><td><\/td><td><strong>Espacio de la especializaci\u00f3n por niveles<\/strong><\/td><td>15<\/td><td>Psicolog\u00eda y Cultura en la ni\u00f1ez<\/td><td>64<\/td><\/tr><tr><td><\/td><td><strong>Espacio de orientaci\u00f3n \u2013 \u00c1rea de Producci\u00f3n<\/strong><\/td><td>16<\/td><td>Canto II<\/td><td>64<\/td><\/tr><tr><td><\/td><td><\/td><td>17<\/td><td>Conjunto de C\u00e1mara II<\/td><td>32<\/td><\/tr><tr><td><\/td><td><\/td><td>18<\/td><td>Espacio Institucional alternativo \u2013 Repertorio II<\/td><td>64<\/td><\/tr><tr><td><\/td><td><\/td><td>19<\/td><td>Pr\u00e1ctica esc\u00e9nica II<\/td><td>64<\/td><\/tr><tr><td><\/td><td><strong>Espacio de orientaci\u00f3n \u2013 \u00c1rea de Lenguaje Recepci\u00f3n<\/strong><\/td><td>20<\/td><td>Elementos T\u00e9cnicos de la M\u00fasica II<\/td><td>128<\/td><\/tr><tr><td><\/td><td><strong>\u00c1rea de Vinculaciones Contextuales<\/strong><\/td><td>21<\/td><td>Historia de la M\u00fasica II<\/td><td>64<\/td><\/tr><tr><td><\/td><td>Espacios Institucionales<\/td><td>22<\/td><td>Taller de M\u00fasica Popular<\/td><td>128<\/td><\/tr><tr><td><\/td><td><\/td><td>23<\/td><td>Taller de Folklore Musical Argentino<\/td><td><\/td><\/tr><tr><td><\/td><td>Formaci\u00f3n \u00c9tica, Mundo contempor\u00e1neo<\/td><td><\/td><td>atraviesan todos los espacios<\/td><td><\/td><\/tr><tr><td><\/td><td>Formaci\u00f3n \u00c9tica, Mundo contempor\u00e1neo<\/td><td><\/td><td>Espacio de la Pr\u00e1ctica Docente II<\/td><td><\/td><\/tr><tr><td>3\u00ba<\/td><td><strong>Espacio de la fundamentaci\u00f3n<\/strong><\/td><td><\/td><td>Perspectiva Filos\u00f3fico \u2013 Pedag\u00f3gica Did\u00e1ctica<\/td><td>64<\/td><\/tr><tr><td><\/td><td><\/td><td><\/td><td>Perspectiva Pol\u00edtico Institucional<\/td><td>64<\/td><\/tr><tr><td><\/td><td><strong>Espacio de la especializaci\u00f3n por niveles<\/strong><\/td><td><\/td><td>Psicolog\u00eda y Cultura en la juventud y la adultez<\/td><td>64<\/td><\/tr><tr><td><\/td><td><strong>Espacio de orientaci\u00f3n \u2013 \u00c1rea de Producci\u00f3n<\/strong><\/td><td><\/td><td>Canto III<\/td><td>64<\/td><\/tr><tr><td><\/td><td><\/td><td><\/td><td>Conjunto de C\u00e1mara III<\/td><td>64<\/td><\/tr><tr><td><\/td><td><\/td><td><\/td><td>Ac\u00fastica<\/td><td>64<\/td><\/tr><tr><td><\/td><td><\/td><td><\/td><td>Repertorio III<\/td><td>64<\/td><\/tr><tr><td><\/td><td><strong>Espacio de orientaci\u00f3n \u2013 \u00c1rea de Lenguaje \u2013 Recepci\u00f3n<\/strong><\/td><td><\/td><td>Elementos T\u00e9cnicos de la M\u00fasica III<\/td><td>128<\/td><\/tr><tr><td><\/td><td><strong>Espacio de orientaci\u00f3n \u2013 \u00c1rea de Vinculaciones Contextuales<\/strong><\/td><td><\/td><td>Historia de la M\u00fasica III<\/td><td>64<\/td><\/tr><tr><td><\/td><td><strong>Espacio de designaci\u00f3n Institucional<\/strong><\/td><td><\/td><td>Taller de Teatro Musical<\/td><td>96<\/td><\/tr><tr><td><\/td><td>Formaci\u00f3n \u00c9tica, Mundo Contempor\u00e1neo<\/td><td><\/td><td>atraviesan todos los espacios<\/td><td><\/td><\/tr><tr><td><\/td><td><\/td><td><\/td><td>Espacio de la Pr\u00e1ctica Docente III<\/td><td><\/td><\/tr><tr><td>4\u00ba<\/td><td><strong>Espacio de la orientaci\u00f3n<\/strong><\/td><td><\/td><td><\/td><td><\/td><\/tr><tr><td><\/td><td><strong>\u00c1rea de Producci\u00f3n<\/strong><\/td><td><\/td><td>Canto IV<\/td><td>64<\/td><\/tr><tr><td><\/td><td><\/td><td><\/td><td>Conjunto de C\u00e1mara IV<\/td><td>64<\/td><\/tr><tr><td><\/td><td><\/td><td><\/td><td>Medios Electroac\u00fasticos<\/td><td>64<\/td><\/tr><tr><td><\/td><td><strong>Espacio de orientaci\u00f3n \u2013 \u00c1rea de Lenguaje \u2013 Recepci\u00f3n<\/strong><\/td><td><\/td><td>Elementos T\u00e9cnicos de la M\u00fasica IV<\/td><td>128<\/td><\/tr><tr><td><\/td><td><strong>Espacio de orientaci\u00f3n \u2013 \u00c1rea de Vinculaciones Contextuales<\/strong><\/td><td><\/td><td>Historia de la M\u00fasica Argentina y Latinoamericana<\/td><td>64<\/td><\/tr><tr><td><\/td><td><\/td><td><\/td><td>Literatura<\/td><td>64<\/td><\/tr><tr><td><\/td><td><\/td><td><\/td><td>Artes Visuales<\/td><td>64<\/td><\/tr><tr><td><\/td><td><strong>Espacios Institucionales<\/strong><\/td><td><\/td><td>An\u00e1lisis de las Vanguardias del Siglo XX<\/td><td>96<\/td><\/tr><tr><td><\/td><td>Formaci\u00f3n \u00e9tica, Mundo Contempor\u00e1neo<\/td><td><\/td><td>atraviesan todos los espacios<\/td><td><\/td><\/tr><tr><td><\/td><td><\/td><td><\/td><td>Espacio de la Pr\u00e1ctica Docente IV<\/td><td>64<\/td><\/tr><\/tbody><\/table><\/figure>\n\n\n\n<p><strong>T\u00edtulo: Profesor en M\u00fasica (Orientaci\u00f3n CANTO)<\/strong><\/p>\n\n\n\n<p class=\"has-large-font-size\"><strong>CORRELATIVIDADES<\/strong><\/p>\n\n\n\n<p class=\"has-large-font-size\"><strong>Primer a\u00f1o<\/strong><\/p>\n\n\n\n<figure class=\"wp-block-table\"><table><tbody><tr><td><strong>ESPACIO CURRICULAR<\/strong><\/td><td><strong>Requisitos para cursar:<\/strong>&nbsp;(Acreditados al comienzo del Ciclo Lectivo o en condiciones de compensar hasta julio-agosto, por ser correlativos)<\/td><\/tr><tr><td>Perspectiva Filos\u00f3fico Pedag\u00f3gica I<\/td><td>Formaci\u00f3n B\u00e1sica completa<\/td><\/tr><tr><td>Perspectiva Pedag\u00f3gico-Did\u00e1ctica I<\/td><td>Formaci\u00f3n B\u00e1sica completa<\/td><\/tr><tr><td>Perspectiva Socio \u2013 Pol\u00edtica.                                           <\/td><td>Formaci\u00f3n B\u00e1sica completa<\/td><\/tr><tr><td>Psicolog\u00eda y Cultura en la Educaci\u00f3n<\/td><td>Formaci\u00f3n B\u00e1sica completa<\/td><\/tr><tr><td>Canto I<\/td><td>Canto III (M\u00f3dulo 6) (Formaci\u00f3n B\u00e1sica Canto l\u00edrico Camar\u00edstico) \u2013 Lenguaje Musical III  (Formaci\u00f3n B\u00e1sica)<\/td><\/tr><tr><td>Instrumento arm\u00f3nico (piano) I<\/td><td>Instrumento arm\u00f3nico (piano) II (Formaci\u00f3n B\u00e1sica Canto L\u00edrico Camar\u00edstico)<\/td><\/tr><tr><td>Conjunto de C\u00e1mara I<\/td><td>Canto III (M\u00f3dulo 6) (Formaci\u00f3n B\u00e1sica) \u2013 Lenguaje Musical III (M\u00f3dulo 6) (Formaci\u00f3n B\u00e1sica) Apreciaci\u00f3n Musical II (Formaci\u00f3n B\u00e1sica) \u2013 Pr\u00e1ctica de Conjunto Vocal e Instrumental II (Formaci\u00f3n B\u00e1sica)<\/td><\/tr><tr><td>Repertorio I<\/td><td>Repertorio II (Formaci\u00f3n B\u00e1sica Canto l\u00edrico Camar\u00edstico) &#8211; Canto III (M\u00f3dulo 6) (Formaci\u00f3n B\u00e1sica) \u2013 Lenguaje Musical III (M\u00f3dulo 6) (Formaci\u00f3n B\u00e1sica) &#8211; Pr\u00e1ctica de Conjunto Vocal e Instrumental II (Formaci\u00f3n B\u00e1sica Canto l\u00edrico Camar\u00edstico)<\/td><\/tr><tr><td>Pr\u00e1ctica Esc\u00e9nica I<\/td><td>&nbsp;<\/td><\/tr><tr><td>Elementos T\u00e9cnicos de la M\u00fasica I<\/td><td>Instrumento arm\u00f3nico (Formaci\u00f3n B\u00e1sica) \u2013 Lenguaje Musical (M\u00f3dulo 6) (Formaci\u00f3n B\u00e1sica) Apreciaci\u00f3n Musical II (Formaci\u00f3n B\u00e1sica)<\/td><\/tr><tr><td>Historia de la M\u00fasica I<\/td><td>Lenguaje Musical (M\u00f3dulo 6) (Formaci\u00f3n B\u00e1sica) \u2013 Apreciaci\u00f3n Musical II (Formaci\u00f3n B\u00e1sica)<\/td><\/tr><tr><td>Espacio de la Pr\u00e1ctica Docente I<\/td><td>Formaci\u00f3n B\u00e1sica completa<\/td><\/tr><\/tbody><\/table><\/figure>\n\n\n\n<p class=\"has-large-font-size\"><strong>Segundo A\u00f1o<\/strong><\/p>\n\n\n\n<figure class=\"wp-block-table\"><table><tbody><tr><td><strong>ESPACIO CURRICULAR<\/strong><\/td><td><strong>Requisitos para cursar:<\/strong>&nbsp;(Acreditados al comienzo del Ciclo Lectivo o en condiciones de compensar hasta julio-agosto, por ser correlativos)<\/td><\/tr><tr><td>Perspectiva Filos\u00f3fico-Pedag\u00f3gica II<\/td><td>Perspectiva Filos\u00f3fico-Pedag\u00f3gica I<\/td><\/tr><tr><td>Perspectiva Pedag\u00f3gico-Did\u00e1ctica II<\/td><td>Perspectiva Pedag\u00f3gico-Did\u00e1ctica I &#8211; Espacio de la Pr\u00e1ctica Docente I<\/td><\/tr><tr><td>Psicolog\u00eda y Cultura en la ni\u00f1ez<\/td><td>Psicolog\u00eda y Cultura en la Educaci\u00f3n<\/td><\/tr><tr><td>Canto II<\/td><td>Canto I \u2013 Repertorio I &#8211; Elementos T\u00e9cnicos de la M\u00fasica I \u2013 Historia de la M\u00fasica I<\/td><\/tr><tr><td>Conjunto de C\u00e1mara II<\/td><td>Conjunto de C\u00e1mara I \u2013 Canto I \u2013 Historia de la M\u00fasica I<\/td><\/tr><tr><td>Instrumento arm\u00f3nico II (piano)<\/td><td>Instrumento arm\u00f3nico (piano) I &#8211; Elementos T\u00e9cnicos de la M\u00fasica I<\/td><\/tr><tr><td>Repertorio II<\/td><td>&nbsp;Repertorio I &#8211; Canto I<\/td><\/tr><tr><td>Elementos T\u00e9cnicos de la M\u00fasica II<\/td><td>Elementos T\u00e9cnicos de la M\u00fasica I \u2013 Historia de la M\u00fasica I \u2013 Instrumento arm\u00f3nico<\/td><\/tr><tr><td>Pr\u00e1ctica Esc\u00e9nica II<\/td><td>Pr\u00e1ctica Esc\u00e9nica I<\/td><\/tr><tr><td>Historia de la M\u00fasica II<\/td><td>Historia de la M\u00fasica I \u2013 Elementos T\u00e9cnicos de la M\u00fasica I<\/td><\/tr><tr><td>Espacio de la Pr\u00e1ctica Docente II<\/td><td>Primer a\u00f1o completo<\/td><\/tr><\/tbody><\/table><\/figure>\n\n\n\n<p class=\"has-large-font-size\"><strong>Tercer A\u00f1o<\/strong><\/p>\n\n\n\n<figure class=\"wp-block-table\"><table><tbody><tr><td><strong>&nbsp;<\/strong>&nbsp;<strong>ESPACIO CURRICULAR<\/strong><\/td><td><strong>Requisitos para cursar:<\/strong>&nbsp;(Acreditados al comienzo del Ciclo Lectivo o en condiciones de compensar hasta julio-agosto, por ser correlativos)<\/td><\/tr><tr><td>Perspectiva Filos\u00f3fico-Pedag\u00f3gica \u2013 Did\u00e1ctica<\/td><td>Perspectiva Filos\u00f3fico-Pedag\u00f3gica II \u2013 Perspectiva Pedag\u00f3gico-Did\u00e1ctica II \u2013 Psicolog\u00eda y Cultura en la ni\u00f1ez<\/td><\/tr><tr><td>Perspectiva Pol\u00edtico-Institucional<\/td><td>Perspectiva Socio-pol\u00edtica<\/td><\/tr><tr><td>Psicolog\u00eda y Cultura en la juventud y adultez<\/td><td>Psicolog\u00eda y Cultura en la ni\u00f1ez<\/td><\/tr><tr><td>Canto III<\/td><td>Canto II \u2013 Conjunto de C\u00e1mara I \u2013 Elementos T\u00e9cnicos de la M\u00fasica II \u2013 Historia de la M\u00fasica II \u2013 Repertorio II<\/td><\/tr><tr><td>Conjunto de C\u00e1mara III<\/td><td>Conjunto de C\u00e1mara II \u2013 Instrumento II \u2013 Elementos T\u00e9cnicos de la M\u00fasica II \u2013 Historia de la M\u00fasica II<\/td><\/tr><tr><td>Ac\u00fastica<\/td><td>&nbsp;<\/td><\/tr><tr><td>Elementos T\u00e9cnicos de la M\u00fasica III<\/td><td>Elementos T\u00e9cnicos de la M\u00fasica II \u2013 Historia de la M\u00fasica II<\/td><\/tr><tr><td>Historia de la M\u00fasica III<\/td><td>Historia de la M\u00fasica II \u2013 Elementos T\u00e9cnicos de la M\u00fasica II<\/td><\/tr><tr><td>Espacio de la Practica Docente III<\/td><td>Segundo a\u00f1o completo<\/td><\/tr><\/tbody><\/table><\/figure>\n\n\n\n<p class=\"has-large-font-size\"><strong>Cuarto A\u00f1o<\/strong><\/p>\n\n\n\n<figure class=\"wp-block-table\"><table><tbody><tr><td><strong>&nbsp;<\/strong>&nbsp;<strong>ESPACIO CURRICULAR<\/strong><\/td><td><strong>Requisitos para cursar:<\/strong>&nbsp;(Acreditados al comienzo del Ciclo Lectivo o en condiciones de compensar hasta julio-agosto, por ser correlativos)<\/td><\/tr><tr><td>Canto IV<\/td><td>Canto III \u2013 Conjunto de C\u00e1mara II \u2013 Elementos T\u00e9cnicos de M\u00fasica III \u2013 Historia de la M\u00fasica III <\/td><\/tr><tr><td>Conjunto de C\u00e1mara IV<\/td><td>Conjunto de C\u00e1mara III \u2013 Instrumento III \u2013 Elementos T\u00e9cnicos de M\u00fasica III \u2013 Historia de la M\u00fasica III<\/td><\/tr><tr><td>Repertorio IV<\/td><td>Repertorio II &#8211; Canto III<\/td><\/tr><tr><td>Medios Electroac\u00fasticos<\/td><td>Ac\u00fastica<\/td><\/tr><tr><td>Elementos T\u00e9cnicos IV<\/td><td>Elementos T\u00e9cnicos de M\u00fasica III \u2013 Historia de la M\u00fasica III<\/td><\/tr><tr><td>Historia de la M\u00fasica Argentina y Latinoamericana<\/td><td>Historia de la M\u00fasica III \u2013 Elementos T\u00e9cnicos de M\u00fasica III<\/td><\/tr><tr><td>Literatura<\/td><td>Historia de la M\u00fasica II<\/td><\/tr><tr><td>Artes Visuales<\/td><td>Historia de la M\u00fasica II<\/td><\/tr><tr><td>Espacio de la Practica Docente IV<\/td><td>Tercer a\u00f1o completo<\/td><\/tr><\/tbody><\/table><\/figure>\n","protected":false},"excerpt":{"rendered":"<p>PROFESORADO EN M\u00daSICA (Orientaci\u00f3n CANTO)&nbsp;\u2013&nbsp;PLAN RESOL. 13234\/99 DISE\u00d1O CURRICULAR A\u00f1o Campos de Formaci\u00f3n N\u00ba Asignaturas Horas 1\u00ba Espacio de la fundamentaci\u00f3n pedag\u00f3gica 1 Perspectiva Filos\u00f3fico \u2013 Pedag\u00f3gica I 64 2 Perspectiva Pedag\u00f3gico -Did\u00e1ctica I 64 3 Perspectiva Sociopol\u00edtica 64 Espacio de la especializaci\u00f3n por niveles 4 Psicolog\u00eda y Cultura en la Educaci\u00f3n 64 Espacio de &#8230; <a title=\"Profesorado en M\u00fasica orientaci\u00f3n Canto\" class=\"read-more\" href=\"https:\/\/cmch-bue.infd.edu.ar\/sitio\/profesorado-en-2\/\" aria-label=\"More on Profesorado en M\u00fasica orientaci\u00f3n Canto\">[+]<\/a><\/p>\n","protected":false},"author":18,"featured_media":0,"parent":0,"menu_order":0,"comment_status":"closed","ping_status":"closed","template":"","meta":[],"acf":[],"_links":{"self":[{"href":"https:\/\/cmch-bue.infd.edu.ar\/sitio\/wp-json\/wp\/v2\/pages\/723"}],"collection":[{"href":"https:\/\/cmch-bue.infd.edu.ar\/sitio\/wp-json\/wp\/v2\/pages"}],"about":[{"href":"https:\/\/cmch-bue.infd.edu.ar\/sitio\/wp-json\/wp\/v2\/types\/page"}],"author":[{"embeddable":true,"href":"https:\/\/cmch-bue.infd.edu.ar\/sitio\/wp-json\/wp\/v2\/users\/18"}],"replies":[{"embeddable":true,"href":"https:\/\/cmch-bue.infd.edu.ar\/sitio\/wp-json\/wp\/v2\/comments?post=723"}],"version-history":[{"count":6,"href":"https:\/\/cmch-bue.infd.edu.ar\/sitio\/wp-json\/wp\/v2\/pages\/723\/revisions"}],"predecessor-version":[{"id":935,"href":"https:\/\/cmch-bue.infd.edu.ar\/sitio\/wp-json\/wp\/v2\/pages\/723\/revisions\/935"}],"wp:attachment":[{"href":"https:\/\/cmch-bue.infd.edu.ar\/sitio\/wp-json\/wp\/v2\/media?parent=723"}],"curies":[{"name":"wp","href":"https:\/\/api.w.org\/{rel}","templated":true}]}}