{"id":719,"date":"2018-08-29T15:43:18","date_gmt":"2018-08-29T18:43:18","guid":{"rendered":"https:\/\/cmch-bue.infd.edu.ar\/sitio\/profesorado-en-musica-orientacion-educacion\/"},"modified":"2023-11-29T12:37:36","modified_gmt":"2023-11-29T15:37:36","slug":"profesorado-en-musica-orientacion-educacion","status":"publish","type":"page","link":"https:\/\/cmch-bue.infd.edu.ar\/sitio\/profesorado-en-musica-orientacion-educacion\/","title":{"rendered":"Profesorado de M\u00fasica Orientaci\u00f3n Educaci\u00f3n Musical &#8211; Plan Resoluci\u00f3n 855\/11"},"content":{"rendered":"\n<h1 class=\"wp-block-heading\"><strong>DISE\u00d1O CURRICULAR&nbsp; <\/strong><\/h1>\n\n\n\n<figure class=\"wp-block-table is-style-regular\"><table><tbody><tr><td class=\"has-text-align-center\" data-align=\"center\"><strong>A\u00f1o<\/strong><\/td><td class=\"has-text-align-left\" data-align=\"left\"><strong>Campos de Formaci\u00f3n<\/strong><\/td><td class=\"has-text-align-center\" data-align=\"center\"><strong>N\u00ba<\/strong><\/td><td class=\"has-text-align-left\" data-align=\"left\"><strong>Asignaturas<\/strong><\/td><td class=\"has-text-align-center\" data-align=\"center\"><strong>Horas<\/strong><\/td><\/tr><tr><td class=\"has-text-align-center\" data-align=\"center\"><strong><mark style=\"background-color:rgba(0, 0, 0, 0)\" class=\"has-inline-color has-contrast-color\">1\u00ba<\/mark><\/strong><\/td><td class=\"has-text-align-left\" data-align=\"left\"><strong>Espec\u00edfica<\/strong><\/td><td class=\"has-text-align-center\" data-align=\"center\">1<\/td><td class=\"has-text-align-left\" data-align=\"left\">Lenguaje Musical I<\/td><td class=\"has-text-align-center\" data-align=\"center\">128<\/td><\/tr><tr><td class=\"has-text-align-center\" data-align=\"center\"><\/td><td class=\"has-text-align-left\" data-align=\"left\"><\/td><td class=\"has-text-align-center\" data-align=\"center\">2<\/td><td class=\"has-text-align-left\" data-align=\"left\">Producci\u00f3n y An\u00e1lisis Musical I<\/td><td class=\"has-text-align-center\" data-align=\"center\">64<\/td><\/tr><tr><td class=\"has-text-align-center\" data-align=\"center\"><\/td><td class=\"has-text-align-left\" data-align=\"left\"><\/td><td class=\"has-text-align-center\" data-align=\"center\">3<\/td><td class=\"has-text-align-left\" data-align=\"left\">Instrumento Arm\u00f3nico I<\/td><td class=\"has-text-align-center\" data-align=\"center\">32<\/td><\/tr><tr><td class=\"has-text-align-center\" data-align=\"center\"><\/td><td class=\"has-text-align-left\" data-align=\"left\"><\/td><td class=\"has-text-align-center\" data-align=\"center\">4<\/td><td class=\"has-text-align-left\" data-align=\"left\">Canto Colectivo I<\/td><td class=\"has-text-align-center\" data-align=\"center\">64<\/td><\/tr><tr><td class=\"has-text-align-center\" data-align=\"center\"><\/td><td class=\"has-text-align-left\" data-align=\"left\"><\/td><td class=\"has-text-align-center\" data-align=\"center\">5<\/td><td class=\"has-text-align-left\" data-align=\"left\">Percusi\u00f3n<\/td><td class=\"has-text-align-center\" data-align=\"center\">64<\/td><\/tr><tr><td class=\"has-text-align-center\" data-align=\"center\"><\/td><td class=\"has-text-align-left\" data-align=\"left\"><\/td><td class=\"has-text-align-center\" data-align=\"center\">6<\/td><td class=\"has-text-align-left\" data-align=\"left\">Trabajo Corporal<\/td><td class=\"has-text-align-center\" data-align=\"center\">64<\/td><\/tr><tr><td class=\"has-text-align-center\" data-align=\"center\"><\/td><td class=\"has-text-align-left\" data-align=\"left\"><strong>Pr\u00e1ctica Profesional<\/strong><\/td><td class=\"has-text-align-center\" data-align=\"center\">7<\/td><td class=\"has-text-align-left\" data-align=\"left\">Pr\u00e1ctica Docente I<\/td><td class=\"has-text-align-center\" data-align=\"center\">96<\/td><\/tr><tr><td class=\"has-text-align-center\" data-align=\"center\"><\/td><td class=\"has-text-align-left\" data-align=\"left\"><strong>General<\/strong><\/td><td class=\"has-text-align-center\" data-align=\"center\">8<\/td><td class=\"has-text-align-left\" data-align=\"left\">Fundamentos de la Educaci\u00f3n<\/td><td class=\"has-text-align-center\" data-align=\"center\">64<\/td><\/tr><tr><td class=\"has-text-align-center\" data-align=\"center\"><\/td><td class=\"has-text-align-left\" data-align=\"left\"><\/td><td class=\"has-text-align-center\" data-align=\"center\">9<\/td><td class=\"has-text-align-left\" data-align=\"left\">Psicolog\u00eda de la Educaci\u00f3n I<\/td><td class=\"has-text-align-center\" data-align=\"center\">64<\/td><\/tr><tr><td class=\"has-text-align-center\" data-align=\"center\"><\/td><td class=\"has-text-align-left\" data-align=\"left\"><\/td><td class=\"has-text-align-center\" data-align=\"center\">10<\/td><td class=\"has-text-align-left\" data-align=\"left\">Historia Social General<\/td><td class=\"has-text-align-center\" data-align=\"center\">64<\/td><\/tr><tr><td class=\"has-text-align-center\" data-align=\"center\"><\/td><td class=\"has-text-align-left\" data-align=\"left\"><strong>Espacio de Definici\u00f3n Institucional (EDI)<\/strong><\/td><td class=\"has-text-align-center\" data-align=\"center\">11<\/td><td class=\"has-text-align-left\" data-align=\"left\">Instrumento I<\/td><td class=\"has-text-align-center\" data-align=\"center\">64<\/td><\/tr><tr><td class=\"has-text-align-center\" data-align=\"center\"><\/td><td class=\"has-text-align-left\" data-align=\"left\"><\/td><td class=\"has-text-align-center\" data-align=\"center\"><\/td><td class=\"has-text-align-left\" data-align=\"left\"><\/td><td class=\"has-text-align-center\" data-align=\"center\"><\/td><\/tr><tr><td class=\"has-text-align-center\" data-align=\"center\"><strong>2\u00ba<\/strong><\/td><td class=\"has-text-align-left\" data-align=\"left\"><strong>Espec\u00edfica<\/strong><\/td><td class=\"has-text-align-center\" data-align=\"center\">12<\/td><td class=\"has-text-align-left\" data-align=\"left\">Lenguaje Musical II<\/td><td class=\"has-text-align-center\" data-align=\"center\">128<\/td><\/tr><tr><td class=\"has-text-align-center\" data-align=\"center\"><\/td><td class=\"has-text-align-left\" data-align=\"left\"><\/td><td class=\"has-text-align-center\" data-align=\"center\">13<\/td><td class=\"has-text-align-left\" data-align=\"left\">Producci\u00f3n y An\u00e1lisis Musical II<\/td><td class=\"has-text-align-center\" data-align=\"center\">64<\/td><\/tr><tr><td class=\"has-text-align-center\" data-align=\"center\"><\/td><td class=\"has-text-align-left\" data-align=\"left\"><\/td><td class=\"has-text-align-center\" data-align=\"center\">14<\/td><td class=\"has-text-align-left\" data-align=\"left\">Historia de la M\u00fasica I<\/td><td class=\"has-text-align-center\" data-align=\"center\">64<\/td><\/tr><tr><td class=\"has-text-align-center\" data-align=\"center\"><\/td><td class=\"has-text-align-left\" data-align=\"left\"><\/td><td class=\"has-text-align-center\" data-align=\"center\">15<\/td><td class=\"has-text-align-left\" data-align=\"left\">Instrumento Arm\u00f3nico II<\/td><td class=\"has-text-align-center\" data-align=\"center\">32<\/td><\/tr><tr><td class=\"has-text-align-center\" data-align=\"center\"><\/td><td class=\"has-text-align-left\" data-align=\"left\"><\/td><td class=\"has-text-align-center\" data-align=\"center\">16<\/td><td class=\"has-text-align-left\" data-align=\"left\">Canto Colectivo II<\/td><td class=\"has-text-align-center\" data-align=\"center\">64<\/td><\/tr><tr><td class=\"has-text-align-center\" data-align=\"center\"><\/td><td class=\"has-text-align-left\" data-align=\"left\"><\/td><td class=\"has-text-align-center\" data-align=\"center\">17<\/td><td class=\"has-text-align-left\" data-align=\"left\">Conjuntos Vocales e Instrumentales I<\/td><td class=\"has-text-align-center\" data-align=\"center\">64<\/td><\/tr><tr><td class=\"has-text-align-center\" data-align=\"center\"><\/td><td class=\"has-text-align-left\" data-align=\"left\"><strong>Pr\u00e1ctica Profesional<\/strong><\/td><td class=\"has-text-align-center\" data-align=\"center\">18<\/td><td class=\"has-text-align-left\" data-align=\"left\">Pr\u00e1ctica Docente II<\/td><td class=\"has-text-align-center\" data-align=\"center\">96<\/td><\/tr><tr><td class=\"has-text-align-center\" data-align=\"center\"><\/td><td class=\"has-text-align-left\" data-align=\"left\"><strong>General<\/strong><\/td><td class=\"has-text-align-center\" data-align=\"center\">19<\/td><td class=\"has-text-align-left\" data-align=\"left\">Did\u00e1ctica General<\/td><td class=\"has-text-align-center\" data-align=\"center\">64<\/td><\/tr><tr><td class=\"has-text-align-center\" data-align=\"center\"><\/td><td class=\"has-text-align-left\" data-align=\"left\"><\/td><td class=\"has-text-align-center\" data-align=\"center\">20<\/td><td class=\"has-text-align-left\" data-align=\"left\">Psicolog\u00eda de la Educaci\u00f3n II<\/td><td class=\"has-text-align-center\" data-align=\"center\">64<\/td><\/tr><tr><td class=\"has-text-align-center\" data-align=\"center\"><\/td><td class=\"has-text-align-left\" data-align=\"left\"><\/td><td class=\"has-text-align-center\" data-align=\"center\">21<\/td><td class=\"has-text-align-left\" data-align=\"left\">Historia sociopol\u00edtica de Latinoam\u00e9rica y Argentina<\/td><td class=\"has-text-align-center\" data-align=\"center\">64<\/td><\/tr><tr><td class=\"has-text-align-center\" data-align=\"center\"><\/td><td class=\"has-text-align-left\" data-align=\"left\"><strong>Espacio de Definici\u00f3n Institucional (EDI)<\/strong><\/td><td class=\"has-text-align-center\" data-align=\"center\">22<\/td><td class=\"has-text-align-left\" data-align=\"left\">Instrumento II<\/td><td class=\"has-text-align-center\" data-align=\"center\"><\/td><\/tr><tr><td class=\"has-text-align-center\" data-align=\"center\"><\/td><td class=\"has-text-align-left\" data-align=\"left\"><\/td><td class=\"has-text-align-center\" data-align=\"center\"><\/td><td class=\"has-text-align-left\" data-align=\"left\"><\/td><td class=\"has-text-align-center\" data-align=\"center\"><\/td><\/tr><tr><td class=\"has-text-align-center\" data-align=\"center\">3\u00ba<\/td><td class=\"has-text-align-left\" data-align=\"left\"><strong>Espec\u00edfica<\/strong><\/td><td class=\"has-text-align-center\" data-align=\"center\">23<\/td><td class=\"has-text-align-left\" data-align=\"left\">Lenguaje Musical III<\/td><td class=\"has-text-align-center\" data-align=\"center\">128<\/td><\/tr><tr><td class=\"has-text-align-center\" data-align=\"center\"><\/td><td class=\"has-text-align-left\" data-align=\"left\"><\/td><td class=\"has-text-align-center\" data-align=\"center\">24<\/td><td class=\"has-text-align-left\" data-align=\"left\">Historia de la M\u00fasica II<\/td><td class=\"has-text-align-center\" data-align=\"center\">64<\/td><\/tr><tr><td class=\"has-text-align-center\" data-align=\"center\"><\/td><td class=\"has-text-align-left\" data-align=\"left\"><\/td><td class=\"has-text-align-center\" data-align=\"center\">25<\/td><td class=\"has-text-align-left\" data-align=\"left\">Instrumento Arm\u00f3nico III<\/td><td class=\"has-text-align-center\" data-align=\"center\">32<\/td><\/tr><tr><td class=\"has-text-align-center\" data-align=\"center\"><\/td><td class=\"has-text-align-left\" data-align=\"left\"><\/td><td class=\"has-text-align-center\" data-align=\"center\">26<\/td><td class=\"has-text-align-left\" data-align=\"left\">Inform\u00e1tica y Medios Electroac\u00fasticos<\/td><td class=\"has-text-align-center\" data-align=\"center\">64<\/td><\/tr><tr><td class=\"has-text-align-center\" data-align=\"center\"><\/td><td class=\"has-text-align-left\" data-align=\"left\"><\/td><td class=\"has-text-align-center\" data-align=\"center\">27<\/td><td class=\"has-text-align-left\" data-align=\"left\">Conjuntos Vocales e Instrumentales II<\/td><td class=\"has-text-align-center\" data-align=\"center\">64<\/td><\/tr><tr><td class=\"has-text-align-center\" data-align=\"center\"><\/td><td class=\"has-text-align-left\" data-align=\"left\"><\/td><td class=\"has-text-align-center\" data-align=\"center\">28<\/td><td class=\"has-text-align-left\" data-align=\"left\">Did\u00e1ctica de la M\u00fasica I<\/td><td class=\"has-text-align-center\" data-align=\"center\">96<\/td><\/tr><tr><td class=\"has-text-align-center\" data-align=\"center\"><\/td><td class=\"has-text-align-left\" data-align=\"left\"><strong>Pr\u00e1ctica Profesional<\/strong><\/td><td class=\"has-text-align-center\" data-align=\"center\">29<\/td><td class=\"has-text-align-left\" data-align=\"left\">Pr\u00e1ctica Docente III<\/td><td class=\"has-text-align-center\" data-align=\"center\">128<\/td><\/tr><tr><td class=\"has-text-align-center\" data-align=\"center\"><\/td><td class=\"has-text-align-left\" data-align=\"left\"><strong>General<\/strong><\/td><td class=\"has-text-align-center\" data-align=\"center\">30<\/td><td class=\"has-text-align-left\" data-align=\"left\">Pol\u00edtica Educativa<\/td><td class=\"has-text-align-center\" data-align=\"center\">64<\/td><\/tr><tr><td class=\"has-text-align-center\" data-align=\"center\"><\/td><td class=\"has-text-align-left\" data-align=\"left\"><\/td><td class=\"has-text-align-center\" data-align=\"center\">31<\/td><td class=\"has-text-align-left\" data-align=\"left\">Teor\u00edas del Arte I<\/td><td class=\"has-text-align-center\" data-align=\"center\">64<\/td><\/tr><tr><td class=\"has-text-align-center\" data-align=\"center\"><\/td><td class=\"has-text-align-left\" data-align=\"left\"><strong>Espacio de Definici\u00f3n Institucional (EDI)<\/strong><\/td><td class=\"has-text-align-center\" data-align=\"center\">32<\/td><td class=\"has-text-align-left\" data-align=\"left\">Instrumento III<\/td><td class=\"has-text-align-center\" data-align=\"center\"><\/td><\/tr><tr><td class=\"has-text-align-center\" data-align=\"center\"><\/td><td class=\"has-text-align-left\" data-align=\"left\"><\/td><td class=\"has-text-align-center\" data-align=\"center\">33<\/td><td class=\"has-text-align-left\" data-align=\"left\">Folclore Musical Argentino<\/td><td class=\"has-text-align-center\" data-align=\"center\"><\/td><\/tr><tr><td class=\"has-text-align-center\" data-align=\"center\"><\/td><td class=\"has-text-align-left\" data-align=\"left\"><\/td><td class=\"has-text-align-center\" data-align=\"center\"><\/td><td class=\"has-text-align-left\" data-align=\"left\"><\/td><td class=\"has-text-align-center\" data-align=\"center\"><\/td><\/tr><tr><td class=\"has-text-align-center\" data-align=\"center\">4\u00ba<\/td><td class=\"has-text-align-left\" data-align=\"left\"><strong>Espec\u00edfica<\/strong><\/td><td class=\"has-text-align-center\" data-align=\"center\">34<\/td><td class=\"has-text-align-left\" data-align=\"left\">Lenguaje Musical IV<\/td><td class=\"has-text-align-center\" data-align=\"center\">128<\/td><\/tr><tr><td class=\"has-text-align-center\" data-align=\"center\"><\/td><td class=\"has-text-align-left\" data-align=\"left\"><\/td><td class=\"has-text-align-center\" data-align=\"center\">35<\/td><td class=\"has-text-align-left\" data-align=\"left\">Historia de la M\u00fasica III<\/td><td class=\"has-text-align-center\" data-align=\"center\">64<\/td><\/tr><tr><td class=\"has-text-align-center\" data-align=\"center\"><\/td><td class=\"has-text-align-left\" data-align=\"left\"><\/td><td class=\"has-text-align-center\" data-align=\"center\">36<\/td><td class=\"has-text-align-left\" data-align=\"left\">Instrumento Arm\u00f3nico IV<\/td><td class=\"has-text-align-center\" data-align=\"center\">32<\/td><\/tr><tr><td class=\"has-text-align-center\" data-align=\"center\"><\/td><td class=\"has-text-align-left\" data-align=\"left\"><\/td><td class=\"has-text-align-center\" data-align=\"center\">37<\/td><td class=\"has-text-align-left\" data-align=\"left\">Realizaci\u00f3n Musical &#8211; Esc\u00e9nica<\/td><td class=\"has-text-align-center\" data-align=\"center\">64<\/td><\/tr><tr><td class=\"has-text-align-center\" data-align=\"center\"><\/td><td class=\"has-text-align-left\" data-align=\"left\"><\/td><td class=\"has-text-align-center\" data-align=\"center\">38<\/td><td class=\"has-text-align-left\" data-align=\"left\">Did\u00e1ctica de la M\u00fasica II<\/td><td class=\"has-text-align-center\" data-align=\"center\">96<\/td><\/tr><tr><td class=\"has-text-align-center\" data-align=\"center\"><\/td><td class=\"has-text-align-left\" data-align=\"left\"><strong>Pr\u00e1ctica Profesional<\/strong><\/td><td class=\"has-text-align-center\" data-align=\"center\">39<\/td><td class=\"has-text-align-left\" data-align=\"left\">Pr\u00e1ctica Docente IV<\/td><td class=\"has-text-align-center\" data-align=\"center\">128<\/td><\/tr><tr><td class=\"has-text-align-center\" data-align=\"center\"><\/td><td class=\"has-text-align-left\" data-align=\"left\"><strong>General<\/strong><\/td><td class=\"has-text-align-center\" data-align=\"center\">40<\/td><td class=\"has-text-align-left\" data-align=\"left\">Teor\u00edas del Arte II<\/td><td class=\"has-text-align-center\" data-align=\"center\">64<\/td><\/tr><tr><td class=\"has-text-align-center\" data-align=\"center\"><\/td><td class=\"has-text-align-left\" data-align=\"left\"><\/td><td class=\"has-text-align-center\" data-align=\"center\">41<\/td><td class=\"has-text-align-left\" data-align=\"left\">Metodolog\u00eda de la Investigaci\u00f3n en Artes<\/td><td class=\"has-text-align-center\" data-align=\"center\">96<\/td><\/tr><tr><td class=\"has-text-align-center\" data-align=\"center\"><\/td><td class=\"has-text-align-left\" data-align=\"left\"><strong>Espacio de Definici\u00f3n Institucional (EDI)<\/strong><\/td><td class=\"has-text-align-center\" data-align=\"center\">42<\/td><td class=\"has-text-align-left\" data-align=\"left\">Instrumento IV<\/td><td class=\"has-text-align-center\" data-align=\"center\"><\/td><\/tr><tr><td class=\"has-text-align-center\" data-align=\"center\"><\/td><td class=\"has-text-align-left\" data-align=\"left\"><\/td><td class=\"has-text-align-center\" data-align=\"center\">43<\/td><td class=\"has-text-align-left\" data-align=\"left\">TICs en la Did\u00e1ctica Musical<\/td><td class=\"has-text-align-center\" data-align=\"center\"><\/td><\/tr><\/tbody><\/table><figcaption class=\"wp-element-caption\">La carga horaria establecida para los EDI podr\u00e1 dividirse como lo defina la Instituci\u00f3n (tipo de unidad curricular, carga horaria, r\u00e9gimen de promoci\u00f3n y ubicaci\u00f3n en el plan de estudios)<\/figcaption><\/figure>\n\n\n\n<p><strong>PROFESORADO DE M\u00daSICA CON ORIENTACI\u00d3N EN EDUCACI\u00d3N MUSICAL <\/strong><strong><\/strong><\/p>\n\n\n\n<h2 class=\"has-text-align-center wp-block-heading\">1\u00b0 A\u00d1O<\/h2>\n\n\n\n<figure class=\"wp-block-table\"><table><tbody><tr><td><strong>N\u00ba<\/strong><strong><\/strong><\/td><td><strong>MATERIA <\/strong><strong><\/strong><\/td><td><strong>CORRELATIVAS <\/strong><strong><\/strong><\/td><\/tr><tr><td><strong>1<\/strong><strong><\/strong><\/td><td>Lenguaje musical I<\/td><td>Instrumento Arm\u00f3nico (FOBA) Lenguaje&nbsp; Musical (M\u00f3dulo 6. FOBA) Apreciaci\u00f3n Musical II. FOBA)<\/td><\/tr><tr><td><strong>2<\/strong><strong><\/strong><\/td><td>Producci\u00f3n y an\u00e1lisis musical I<\/td><td>Instrumento Arm\u00f3nico (FOBA) Lenguaje&nbsp; Musical (M\u00f3dulo 6. FOBA) Apreciaci\u00f3n Musical II (FOBA)<\/td><\/tr><tr><td><strong>3<\/strong><strong><\/strong><\/td><td>Instrumento arm\u00f3nico I<\/td><td>Instrumento Arm\u00f3nico (FOBA)<\/td><\/tr><tr><td><strong>4<\/strong><strong><\/strong><\/td><td>Canto colectivo I<\/td><td>Pr\u00e1ctica Coral (FOBA)<\/td><\/tr><tr><td><strong>5<\/strong><strong><\/strong><\/td><td>Percusi\u00f3n<\/td><td>Pr\u00e1ctica de Conjunto Vocal e Instrumental II (FOBA)<\/td><\/tr><tr><td><strong>6<\/strong><strong><\/strong><\/td><td>Trabajo Corporal<\/td><td>Lenguaje Musical (M\u00f3dulo 4. FOBA)<\/td><\/tr><tr><td><strong>7<\/strong><strong><\/strong><\/td><td>Pr\u00e1ctica Docente I<\/td><td>FOBA COMPLETO<\/td><\/tr><tr><td><strong>8<\/strong><strong><\/strong><\/td><td>Fundamentos de la Educaci\u00f3n<\/td><td>FOBA COMPLETO<\/td><\/tr><tr><td><strong>9<\/strong><strong><\/strong><\/td><td>Psicolog\u00eda de la Educaci\u00f3n I<\/td><td>FOBA COMPLETO<\/td><\/tr><tr><td><strong>10<\/strong><strong><\/strong><\/td><td>Historia Social General<\/td><td>FOBA COMPLETO<\/td><\/tr><\/tbody><\/table><\/figure>\n\n\n\n<h2 class=\"has-text-align-center wp-block-heading\">2\u00b0 A\u00d1O<\/h2>\n\n\n\n<figure class=\"wp-block-table\"><table><tbody><tr><td><strong>N\u00ba<\/strong><strong><\/strong><\/td><td><strong>MATERIA <\/strong><strong><\/strong><\/td><td><strong>CORRELATIVAS <\/strong><strong><\/strong><\/td><\/tr><tr><td><strong>1<\/strong><strong><\/strong><\/td><td>Lenguaje musical II<\/td><td>Lenguaje musical I; Instrumento arm\u00f3nico I<\/td><\/tr><tr><td><strong>2<\/strong><strong><\/strong><\/td><td>Producci\u00f3n y an\u00e1lisis musical II<\/td><td>Producci\u00f3n y an\u00e1lisis musical I<\/td><\/tr><tr><td><strong>3<\/strong><strong><\/strong><\/td><td>Historia de la m\u00fasica I<\/td><td>Lenguaje musical I<\/td><\/tr><tr><td><strong>4<\/strong><strong><\/strong><\/td><td>Instrumento arm\u00f3nico II<\/td><td>Instrumento arm\u00f3nico I<\/td><\/tr><tr><td><strong>5<\/strong><strong><\/strong><\/td><td>Canto colectivo II<\/td><td>Canto colectivo I<\/td><\/tr><tr><td><strong>6<\/strong><strong><\/strong><\/td><td>Conjuntos vocales e instrumentales I<\/td><td>Producci\u00f3n y an\u00e1lisis musical I<\/td><\/tr><tr><td><strong>7<\/strong><strong><\/strong><\/td><td>Pr\u00e1ctica Docente II<\/td><td>Pr\u00e1ctica Docente I; Fundamentos de la educaci\u00f3n; Psicolog\u00eda de la Educaci\u00f3n I<\/td><\/tr><tr><td><strong>8<\/strong><strong><\/strong><\/td><td>Did\u00e1ctica General<\/td><td>Fundamentos de la Educaci\u00f3n; Psicolog\u00eda de la Educaci\u00f3n I<\/td><\/tr><tr><td><strong>9<\/strong><strong><\/strong><\/td><td>Psicolog\u00eda de la Educaci\u00f3n II<\/td><td>Psicolog\u00eda&nbsp; de la Educaci\u00f3n I; Fundamentos de la Educaci\u00f3n<\/td><\/tr><tr><td><strong>10<\/strong><strong><\/strong><\/td><td>Historia Sociopol\u00edtica de Latinoam\u00e9rica y Argentina<\/td><td>Historia Social General<\/td><\/tr><\/tbody><\/table><\/figure>\n\n\n\n<h2 class=\"has-text-align-center wp-block-heading\">3\u00b0 A\u00d1O<\/h2>\n\n\n\n<figure class=\"wp-block-table\"><table><tbody><tr><td><strong>N\u00ba<\/strong><strong><\/strong><\/td><td><strong>MATERIA <\/strong><strong><\/strong><\/td><td><strong>CORRELATIVAS <\/strong><strong><\/strong><\/td><\/tr><tr><td><strong>1<\/strong><strong><\/strong><\/td><td>Lenguaje musical III<\/td><td>Lenguaje musical II; Instrumento arm\u00f3nico II<\/td><\/tr><tr><td><strong>2<\/strong><strong><\/strong><\/td><td>Historia de la m\u00fasica II<\/td><td>Historia de la m\u00fasica I<\/td><\/tr><tr><td><strong>3<\/strong><strong><\/strong><\/td><td>Instrumento arm\u00f3nico III<\/td><td>Instrumento arm\u00f3nico II; Lenguaje musical I<\/td><\/tr><tr><td><strong>4<\/strong><strong><\/strong><\/td><td>Inform\u00e1tica y medios electroac\u00fasticos<\/td><td>Lenguaje musical I<\/td><\/tr><tr><td><strong>5<\/strong><strong><\/strong><\/td><td>Conjuntos vocales e instrumentales II<\/td><td>Conjuntos vocales e instrumentales I<\/td><\/tr><tr><td><strong>6<\/strong><strong><\/strong><\/td><td>Did\u00e1ctica de la M\u00fasica I<\/td><td>Did\u00e1ctica General; Psicolog\u00eda de la Educaci\u00f3n II; Pr\u00e1ctica Docente II<\/td><\/tr><tr><td><strong>7<\/strong><strong><\/strong><\/td><td>Pr\u00e1ctica Docente III*<\/td><td>Segundo a\u00f1o completo&nbsp;<\/td><\/tr><tr><td><strong>8<\/strong><strong><\/strong><\/td><td>Pol\u00edtica Educativa<\/td><td>Did\u00e1ctica General; Historia Sociopol\u00edtica de Latinoam\u00e9rica y Argentina<\/td><\/tr><tr><td><strong>9<\/strong><strong><\/strong><\/td><td>Teor\u00edas del arte I<\/td><td>Historia sociopol\u00edtica de Latinoam\u00e9rica y Argentina; Historia de la M\u00fasica I.<\/td><\/tr><\/tbody><\/table><\/figure>\n\n\n\n<h2 class=\"has-text-align-center wp-block-heading\">4\u00b0 A\u00d1O<\/h2>\n\n\n\n<figure class=\"wp-block-table\"><table><tbody><tr><td><strong>N\u00ba<\/strong><strong><\/strong><\/td><td><strong>MATERIA <\/strong><strong><\/strong><\/td><td><strong>CORRELATIVAS <\/strong><strong><\/strong><\/td><\/tr><tr><td><strong>1<\/strong><strong><\/strong><\/td><td>Lenguaje musical IV<\/td><td>Lenguaje musical III; Instrumento arm\u00f3nico III<\/td><\/tr><tr><td><strong>2<\/strong><strong><\/strong><\/td><td>Historia de la m\u00fasica III<\/td><td>Historia de la m\u00fasica II<\/td><\/tr><tr><td><strong>3<\/strong><strong><\/strong><\/td><td>Instrumento arm\u00f3nico IV<\/td><td>Instrumento arm\u00f3nico III; Lenguaje musical III<\/td><\/tr><tr><td><strong>4<\/strong><strong><\/strong><\/td><td>Realizaci\u00f3n musical-esc\u00e9nica<\/td><td>Producci\u00f3n y an\u00e1lisis musical II; Conjuntos vocales e instrumentales I; Trabajo Corporal; Canto colectivo II.<\/td><\/tr><tr><td><strong>5<\/strong><strong><\/strong><\/td><td>Did\u00e1ctica de la M\u00fasica II<\/td><td>Did\u00e1ctica de la M\u00fasica I; Pol\u00edtica Educativa; Pr\u00e1ctica Docente III<\/td><\/tr><tr><td><strong>6<\/strong><strong><\/strong><\/td><td>Pr\u00e1ctica Docente IV*<\/td><td>Tercer a\u00f1o completo<\/td><\/tr><tr><td><strong>7<\/strong><strong><\/strong><\/td><td>Teor\u00edas del arte II<\/td><td>Teor\u00edas del arte I; Historia de la M\u00fasica II&nbsp;<\/td><\/tr><tr><td><strong>8<\/strong><strong><\/strong><\/td><td>Metodolog\u00eda de la investigaci\u00f3n en Artes<\/td><td>Teor\u00edas del arte I; Historia de la M\u00fasica II<\/td><\/tr><\/tbody><\/table><\/figure>\n\n\n\n<p>* Para cursar Pr\u00e1ctica Docente III y IV, el alumno deber\u00e1 cursar en paralelo la Did\u00e1ctica espec\u00edfica del nivel o tener la cursada de la misma aprobada.<\/p>\n","protected":false},"excerpt":{"rendered":"<p>DISE\u00d1O CURRICULAR&nbsp; A\u00f1o Campos de Formaci\u00f3n N\u00ba Asignaturas Horas 1\u00ba Espec\u00edfica 1 Lenguaje Musical I 128 2 Producci\u00f3n y An\u00e1lisis Musical I 64 3 Instrumento Arm\u00f3nico I 32 4 Canto Colectivo I 64 5 Percusi\u00f3n 64 6 Trabajo Corporal 64 Pr\u00e1ctica Profesional 7 Pr\u00e1ctica Docente I 96 General 8 Fundamentos de la Educaci\u00f3n 64 9 &#8230; <a title=\"Profesorado de M\u00fasica Orientaci\u00f3n Educaci\u00f3n Musical &#8211; Plan Resoluci\u00f3n 855\/11\" class=\"read-more\" href=\"https:\/\/cmch-bue.infd.edu.ar\/sitio\/profesorado-en-musica-orientacion-educacion\/\" aria-label=\"More on Profesorado de M\u00fasica Orientaci\u00f3n Educaci\u00f3n Musical &#8211; Plan Resoluci\u00f3n 855\/11\">[+]<\/a><\/p>\n","protected":false},"author":18,"featured_media":0,"parent":0,"menu_order":0,"comment_status":"closed","ping_status":"closed","template":"","meta":[],"acf":[],"_links":{"self":[{"href":"https:\/\/cmch-bue.infd.edu.ar\/sitio\/wp-json\/wp\/v2\/pages\/719"}],"collection":[{"href":"https:\/\/cmch-bue.infd.edu.ar\/sitio\/wp-json\/wp\/v2\/pages"}],"about":[{"href":"https:\/\/cmch-bue.infd.edu.ar\/sitio\/wp-json\/wp\/v2\/types\/page"}],"author":[{"embeddable":true,"href":"https:\/\/cmch-bue.infd.edu.ar\/sitio\/wp-json\/wp\/v2\/users\/18"}],"replies":[{"embeddable":true,"href":"https:\/\/cmch-bue.infd.edu.ar\/sitio\/wp-json\/wp\/v2\/comments?post=719"}],"version-history":[{"count":7,"href":"https:\/\/cmch-bue.infd.edu.ar\/sitio\/wp-json\/wp\/v2\/pages\/719\/revisions"}],"predecessor-version":[{"id":938,"href":"https:\/\/cmch-bue.infd.edu.ar\/sitio\/wp-json\/wp\/v2\/pages\/719\/revisions\/938"}],"wp:attachment":[{"href":"https:\/\/cmch-bue.infd.edu.ar\/sitio\/wp-json\/wp\/v2\/media?parent=719"}],"curies":[{"name":"wp","href":"https:\/\/api.w.org\/{rel}","templated":true}]}}